{"id":32971,"date":"2018-11-19T09:36:11","date_gmt":"2018-11-19T08:36:11","guid":{"rendered":"https:\/\/www.center-for-digital-business.de\/?page_id=32971"},"modified":"2024-07-12T16:18:37","modified_gmt":"2024-07-12T14:18:37","slug":"veroeffentlichungen","status":"publish","type":"page","link":"https:\/\/center-for-digital-business.de\/?page_id=32971","title":{"rendered":"Ver\u00f6ffentlichungen"},"content":{"rendered":"<div class=\"wpb-content-wrapper\"><p>[vc_row equal_height=&#8220;yes&#8220;][vc_column width=&#8220;1\/2&#8243;][vc_column_text css=&#8220;.vc_custom_1542642292155{padding-left: 35px !important;}&#8220;]Dieses Buch thematisiert den drastischen Wandel, den die Gesch\u00e4ftswelt derzeit unter dem Stichwort Digitalisierung erlebt. Technologische Innovationen \u00fcben einen signifikanten Einfluss auf Prozesse, Produkte, Dienstleistungen und Gesch\u00e4ftsmodelle aus. Die resultierende Digitale Transformation hat disruptive Konsequenzen f\u00fcr viele Unternehmen und Branchen. Bislang haben sich viele IT-Organisationen darauf konzentriert, die Anforderungen der Fachbereiche m\u00f6glichst effektiv und effizient in qualitativ hochwertige IT-Services zu \u00fcbersetzen und diese zu betreiben. Nun sind sie in zunehmenden Ma\u00dfe gefordert, das Gesamtunternehmen aktiv mitzugestalten. Informationstechnologie realisiert Innovationen f\u00fcr das Business, und die IT-Organisation muss proaktiv und fr\u00fchzeitig mit den Fachbereichen kooperieren, um solche Innovationen auf den Weg zu bringen. Dieses Buch zeigt, welche Implikationen die Digitalisierung f\u00fcr heutige IT-Organisationen mit ihren Strukturen, Prozessen und Menschen hat. Damit wendet es sich an IT-F\u00fchrungskr\u00e4fte, Manager, in deren Verantwortungsbereich die IT liegt, sowie praktisch interessierte Akademiker. Das Buch hilft, auf die Digitale Transformation nicht nur zu reagieren, sondern eine proaktive Rolle einzunehmen.[\/vc_column_text][\/vc_column][vc_column width=&#8220;1\/2&#8243; css=&#8220;.vc_custom_1542640835065{background-position: center !important;background-repeat: no-repeat !important;background-size: cover !important;}&#8220;][vc_single_image image=&#8220;33017&#8243; img_size=&#8220;medium&#8220; alignment=&#8220;center&#8220; css=&#8220;.vc_custom_1542640851054{background-position: center !important;background-repeat: no-repeat !important;background-size: cover !important;}&#8220;][\/vc_column][\/vc_row][vc_row][vc_column][vc_column_text][academicpubs][\/vc_column_text][\/vc_column][\/vc_row]<\/p>\n<\/div>","protected":false},"excerpt":{"rendered":"<p>[vc_row equal_height=&#8220;yes&#8220;][vc_column width=&#8220;1\/2&#8243;][vc_column_text css=&#8220;.vc_custom_1542642292155{padding-left: 35px !important;}&#8220;]Dieses Buch thematisiert den drastischen Wandel, den die Gesch\u00e4ftswelt derzeit unter dem Stichwort Digitalisierung erlebt. Technologische Innovationen \u00fcben einen signifikanten Einfluss auf Prozesse, Produkte, Dienstleistungen und Gesch\u00e4ftsmodelle aus. Die resultierende Digitale Transformation hat disruptive Konsequenzen f\u00fcr viele Unternehmen und Branchen. Bislang haben sich viele IT-Organisationen [&hellip;]<\/p>\n","protected":false},"author":1,"featured_media":0,"parent":0,"menu_order":0,"comment_status":"closed","ping_status":"closed","template":"","meta":{"_eb_attr":"","om_disable_all_campaigns":false,"_uag_custom_page_level_css":"","_monsterinsights_skip_tracking":false,"_monsterinsights_sitenote_active":false,"_monsterinsights_sitenote_note":"","_monsterinsights_sitenote_category":0,"footnotes":""},"class_list":["post-32971","page","type-page","status-publish","hentry"],"aioseo_notices":[],"uagb_featured_image_src":{"full":false,"thumbnail":false,"medium":false,"medium_large":false,"large":false,"1536x1536":false,"2048x2048":false,"hestia-blog":false},"uagb_author_info":{"display_name":"mareen","author_link":"https:\/\/center-for-digital-business.de\/?author=1"},"uagb_comment_info":0,"uagb_excerpt":"[vc_row equal_height=&#8220;yes&#8220;][vc_column width=&#8220;1\/2&#8243;][vc_column_text css=&#8220;.vc_custom_1542642292155{padding-left: 35px !important;}&#8220;]Dieses Buch thematisiert den drastischen Wandel, den die Gesch\u00e4ftswelt derzeit unter dem Stichwort Digitalisierung erlebt. Technologische Innovationen \u00fcben einen signifikanten Einfluss auf Prozesse, Produkte, Dienstleistungen und Gesch\u00e4ftsmodelle aus. Die resultierende Digitale Transformation hat disruptive Konsequenzen f\u00fcr viele Unternehmen und Branchen. Bislang haben sich viele IT-Organisationen [&hellip;]","_links":{"self":[{"href":"https:\/\/center-for-digital-business.de\/index.php?rest_route=\/wp\/v2\/pages\/32971","targetHints":{"allow":["GET"]}}],"collection":[{"href":"https:\/\/center-for-digital-business.de\/index.php?rest_route=\/wp\/v2\/pages"}],"about":[{"href":"https:\/\/center-for-digital-business.de\/index.php?rest_route=\/wp\/v2\/types\/page"}],"author":[{"embeddable":true,"href":"https:\/\/center-for-digital-business.de\/index.php?rest_route=\/wp\/v2\/users\/1"}],"replies":[{"embeddable":true,"href":"https:\/\/center-for-digital-business.de\/index.php?rest_route=%2Fwp%2Fv2%2Fcomments&post=32971"}],"version-history":[{"count":2,"href":"https:\/\/center-for-digital-business.de\/index.php?rest_route=\/wp\/v2\/pages\/32971\/revisions"}],"predecessor-version":[{"id":34792,"href":"https:\/\/center-for-digital-business.de\/index.php?rest_route=\/wp\/v2\/pages\/32971\/revisions\/34792"}],"wp:attachment":[{"href":"https:\/\/center-for-digital-business.de\/index.php?rest_route=%2Fwp%2Fv2%2Fmedia&parent=32971"}],"curies":[{"name":"wp","href":"https:\/\/api.w.org\/{rel}","templated":true}]}}