{"id":32910,"date":"2018-08-07T09:53:34","date_gmt":"2018-08-07T07:53:34","guid":{"rendered":"http:\/\/18.185.214.120\/?page_id=2"},"modified":"2024-07-12T16:17:35","modified_gmt":"2024-07-12T14:17:35","slug":"thesen","status":"publish","type":"page","link":"https:\/\/center-for-digital-business.de\/?page_id=32910","title":{"rendered":"Thesen zur Digitalisierung"},"content":{"rendered":"<div class=\"wpb-content-wrapper\"><p>[vc_row][vc_column][vc_column_text]Dies ist eine Beispiel-Seite. Sie unterscheidet sich von Beitr\u00e4gen, da sie stets an der selben Stelle bleibt und (bei den meisten Themes) in der Navigation angezeigt wird. Die meisten Leute starten mit einem Impressum, der Datenschutzerkl\u00e4rung oder einer \u201e\u00dcber uns\u201c-Seite mit einer Vorstellung f\u00fcr m\u00f6gliche Besucher der Website. Dort k\u00f6nnte zum Beispiel stehen:[\/vc_column_text][\/vc_column][\/vc_row][vc_row][vc_column][vc_column_text]<\/p>\n<div class=\"title-h1\" style=\"text-align: center;\">\u00dcberschrift These 1<\/div>\n<p>[\/vc_column_text][\/vc_column][\/vc_row][vc_row][vc_column width=&#8220;1\/2&#8243;][vc_column_text][gem_testimonials set=&#8220;these-1&#8243; image_size=&#8220;size-xlarge&#8220;][\/vc_column_text][\/vc_column][vc_column width=&#8220;1\/2&#8243;][vc_hoverbox image=&#8220;32621&#8243; primary_title=&#8220;Wieso?&#8220; hover_title=&#8220;Darum:&#8220;]Durch die Digitalisierung und den daraus resultierenden Trends wie Blockchain werden die Gesch\u00e4ftsprozesse und die damit verbunden Strategien auf ein harte Probe gestellt. Unternehmen ben\u00f6tigen excellente Kompetenzen um diese Herausforderungen erfolgreich zu meistern.[\/vc_hoverbox][\/vc_column][\/vc_row][vc_row][vc_column][vc_column_text]<\/p>\n<div class=\"title-h1\" style=\"text-align: center;\">\u00dcberschrift These 2<\/div>\n<p>[\/vc_column_text][\/vc_column][\/vc_row][vc_row][vc_column width=&#8220;1\/2&#8243;][vc_hoverbox image=&#8220;32622&#8243; primary_title=&#8220;Wieso?&#8220; hover_title=&#8220;Darum:&#8220;]Durch die Digitalisierung und den daraus resultierenden Trends wie Blockchain werden die Gesch\u00e4ftsprozesse und die damit verbunden Strategien auf ein harte Probe gestellt. Unternehmen ben\u00f6tigen excellente Kompetenzen um diese Herausforderungen erfolgreich zu meistern.[\/vc_hoverbox][\/vc_column][vc_column width=&#8220;1\/2&#8243;][vc_column_text][gem_testimonials set=&#8220;these-2&#8243; image_size=&#8220;size-xlarge&#8220;][\/vc_column_text][\/vc_column][\/vc_row]<\/p>\n<\/div>","protected":false},"excerpt":{"rendered":"<p>[vc_row][vc_column][vc_column_text]Dies ist eine Beispiel-Seite. Sie unterscheidet sich von Beitr\u00e4gen, da sie stets an der selben Stelle bleibt und (bei den meisten Themes) in der Navigation angezeigt wird. Die meisten Leute starten mit einem Impressum, der Datenschutzerkl\u00e4rung oder einer \u201e\u00dcber uns\u201c-Seite mit einer Vorstellung f\u00fcr m\u00f6gliche Besucher der Website. Dort k\u00f6nnte [&hellip;]<\/p>\n","protected":false},"author":1,"featured_media":0,"parent":0,"menu_order":0,"comment_status":"closed","ping_status":"closed","template":"","meta":{"_eb_attr":"","om_disable_all_campaigns":false,"_uag_custom_page_level_css":"","_monsterinsights_skip_tracking":false,"_monsterinsights_sitenote_active":false,"_monsterinsights_sitenote_note":"","_monsterinsights_sitenote_category":0,"footnotes":""},"class_list":["post-32910","page","type-page","status-publish","hentry"],"aioseo_notices":[],"uagb_featured_image_src":{"full":false,"thumbnail":false,"medium":false,"medium_large":false,"large":false,"1536x1536":false,"2048x2048":false,"hestia-blog":false},"uagb_author_info":{"display_name":"mareen","author_link":"https:\/\/center-for-digital-business.de\/?author=1"},"uagb_comment_info":0,"uagb_excerpt":"[vc_row][vc_column][vc_column_text]Dies ist eine Beispiel-Seite. Sie unterscheidet sich von Beitr\u00e4gen, da sie stets an der selben Stelle bleibt und (bei den meisten Themes) in der Navigation angezeigt wird. Die meisten Leute starten mit einem Impressum, der Datenschutzerkl\u00e4rung oder einer \u201e\u00dcber uns\u201c-Seite mit einer Vorstellung f\u00fcr m\u00f6gliche Besucher der Website. Dort k\u00f6nnte [&hellip;]","_links":{"self":[{"href":"https:\/\/center-for-digital-business.de\/index.php?rest_route=\/wp\/v2\/pages\/32910","targetHints":{"allow":["GET"]}}],"collection":[{"href":"https:\/\/center-for-digital-business.de\/index.php?rest_route=\/wp\/v2\/pages"}],"about":[{"href":"https:\/\/center-for-digital-business.de\/index.php?rest_route=\/wp\/v2\/types\/page"}],"author":[{"embeddable":true,"href":"https:\/\/center-for-digital-business.de\/index.php?rest_route=\/wp\/v2\/users\/1"}],"replies":[{"embeddable":true,"href":"https:\/\/center-for-digital-business.de\/index.php?rest_route=%2Fwp%2Fv2%2Fcomments&post=32910"}],"version-history":[{"count":2,"href":"https:\/\/center-for-digital-business.de\/index.php?rest_route=\/wp\/v2\/pages\/32910\/revisions"}],"predecessor-version":[{"id":34791,"href":"https:\/\/center-for-digital-business.de\/index.php?rest_route=\/wp\/v2\/pages\/32910\/revisions\/34791"}],"wp:attachment":[{"href":"https:\/\/center-for-digital-business.de\/index.php?rest_route=%2Fwp%2Fv2%2Fmedia&parent=32910"}],"curies":[{"name":"wp","href":"https:\/\/api.w.org\/{rel}","templated":true}]}}