{"id":31976,"date":"2018-09-04T11:36:19","date_gmt":"2018-09-04T09:36:19","guid":{"rendered":"https:\/\/www.center-for-digital-business.de?page_id=31976"},"modified":"2025-08-06T17:24:26","modified_gmt":"2025-08-06T15:24:26","slug":"impressum","status":"publish","type":"page","link":"https:\/\/center-for-digital-business.de\/?page_id=31976","title":{"rendered":"Impressum"},"content":{"rendered":"<div class=\"wpb-content-wrapper\"><p>[vc_row][vc_column][vc_column_text css=&#8220;&#8220;]<\/p>\n<h3 style=\"text-align: left;\"><strong>Universit\u00e4t Duisburg-Essen<\/strong><\/h3>\n<h4 style=\"text-align: left;\"><strong>Campus Duisburg:<\/strong><\/h4>\n<p style=\"text-align: left;\">Forsthausweg 2<\/p>\n<p style=\"text-align: left;\">47057 Duisburg<\/p>\n<p style=\"text-align: left;\">Tel.: +49 203 379 \u2013 0<\/p>\n<p style=\"text-align: left;\">Fax.: +49 203 379 \u2013 3333<\/p>\n<h4 style=\"text-align: left;\"><strong>Campus Essen:<\/strong><\/h4>\n<p style=\"text-align: left;\">Universit\u00e4tsstra\u00dfe 2<\/p>\n<p style=\"text-align: left;\">45141 Essen<\/p>\n<p style=\"text-align: left;\">Tel.: +49 201 183 \u2013 0<\/p>\n<p style=\"text-align: left;\">Fax.: +49 201 183 \u2013 3536<\/p>\n<p style=\"text-align: left;\">Website: <a href=\"http:\/\/www.uni-due.de\">www.uni-due.de<\/a><\/p>\n<h3 style=\"text-align: left;\"><\/h3>\n<h3 style=\"text-align: left;\">Die Universit\u00e4t Duisburg-Essen wird vertreten durch ihre Rektorin:<\/h3>\n<h4 style=\"text-align: left;\"><strong>Prof. Dr. Barbara Albert<\/strong><\/h4>\n<p style=\"text-align: left;\">rektor@uni-duisburg-essen.de<\/p>\n<p style=\"text-align: left;\">Campus Duisburg:<\/p>\n<p style=\"text-align: left;\">Tel.: +49 203 379 \u2013 0<\/p>\n<p style=\"text-align: left;\">Campus Essen:<\/p>\n<p style=\"text-align: left;\">Tel.: +49 201 183 \u2013 0<\/p>\n<p style=\"text-align: left;\">Website: <a href=\"http:\/\/www.uni-due.de\/de\/rektorat\/rektor.php\">www.uni-due.de\/de\/rektorat\/rektor.php<\/a><\/p>\n<h3 style=\"text-align: left;\"><strong>Prim\u00e4rer Ansprechpartner f\u00fcr das Webangebot und Verantwortlich f\u00fcr den Inhalt nach \u00a7 55 Abs. 2 RStV:<\/strong><\/h3>\n<h4 style=\"text-align: left;\">Prof. Dr. Frederik Ahlemann<\/h4>\n<p style=\"text-align: left;\"><a href=\"office@center-for-digital-business.de\">office@center-for-digital-business.de<\/a><\/p>\n<p style=\"text-align: left;\">Lehrstuhl f\u00fcr Wirtschaftsinformatik und Strategisches IT-Management<\/p>\n<p style=\"text-align: left;\">Universit\u00e4t Duisburg-Essen<\/p>\n<p style=\"text-align: left;\">Universit\u00e4tsstra\u00dfe 9<\/p>\n<p style=\"text-align: left;\">45141 Essen<\/p>\n<p style=\"text-align: left;\">Tel.: +49 201 183 6790<\/p>\n<p style=\"text-align: left;\">Die Universit\u00e4t Duisburg-Essen (UDE) ist eine vom Land Nordrhein-Westfalen getragene, rechtsf\u00e4hige K\u00f6rperschaft des \u00f6ffentlichen Rechts. Sie tr\u00e4gt den Namen \u201eUniversit\u00e4t Duisburg-Essen\u201c und f\u00fchrt diesen Namen in ihrem Logo.<\/p>\n<h3 style=\"text-align: left;\">Aufsichtsbeh\u00f6rde<\/h3>\n<p style=\"text-align: left;\">Zust\u00e4ndige Aufsichtsbeh\u00f6rde ist das Ministerium f\u00fcr Innovation, Wissenschaft und Forschung des Landes Nordrhein-Westfalen, V\u00f6lklinger Stra\u00dfe 49, 40221 D\u00fcsseldorf.<\/p>\n<h3 style=\"text-align: left;\">Umsatzsteuer-Nr., Steuernummer &amp; Zoll<\/h3>\n<p style=\"text-align: left;\">Umsatzsteuer-Identifikations-Nummer (USt-IdNr.): DE 811 272 995<\/p>\n<p style=\"text-align: left;\">Steuernummer: 111\/5734\/0015<\/p>\n<p style=\"text-align: left;\">Zoll-Nr. \/ EORI-Nummer:<\/p>\n<p style=\"text-align: left;\">Ansprechpartnerinnen: Anja Lhotak \/ \u00d6zge Emre<\/p>\n<p style=\"text-align: left;\">DUNS-Nummern:<\/p>\n<p style=\"text-align: left;\">Campus Duisburg &#8211; DUNS 340177013<\/p>\n<p style=\"text-align: left;\">Campus Essen &#8211; DUNS 341557594<\/p>\n<p style=\"text-align: left;\">Ansprechpartnerin: \u00d6zge Emre<\/p>\n<h3 style=\"text-align: left;\">Urheberrecht<\/h3>\n<p style=\"text-align: left;\">Die Universit\u00e4t Duisburg-Essen ist Urheberin aller Inhalte und Dokumente von Seiten, die auf dieses Impressum verweisen. Die Inhalte sind urheberrechtlich gesch\u00fctzt &#8211; sie zu kopieren oder zu ver\u00e4ndern ist nur mit Genehmigung der Urheberin gestattet. Dies betrifft nicht Kopien von Dateien auf den eigenen Rechner, um sich die Seiten mit einem Browser anzusehen. F\u00fcr alle anderen Inhalte auf WWW-Servern der Universit\u00e4t Duisburg-Essen sind die jeweiligen Bereiche redaktionell verantwortlich.<\/p>\n<p style=\"text-align: left;\">Der Inhalt dieser Dom\u00e4ne und ihrer Subdom\u00e4nen steht unter einer CC-Lizenz, sofern auf einzelnen WEB-Seiten nichts anderes bestimmt ist.<\/p>\n<h3 style=\"text-align: left;\">Haftung f\u00fcr Inhalte<\/h3>\n<p style=\"text-align: left;\">Die Inhalte der Seiten der Universit\u00e4t Duisburg-Essen wurden mit gr\u00f6\u00dfter Sorgfalt erstellt. F\u00fcr die Richtigkeit, Vollst\u00e4ndigkeit und Aktualit\u00e4t der Inhalte wird jedoch keine Gew\u00e4hr \u00fcbernommen.<\/p>\n<p style=\"text-align: left;\">Als Diensteanbieter ist die UDE gem\u00e4\u00df \u00a7 7 Abs. 1 Telemediengesetz (TMG) f\u00fcr eigene Inhalte auf diesen Seiten nach den allgemeinen Gesetzen verantwortlich. Nach \u00a7\u00a7 8-10 TMG ist die Universit\u00e4t als Diensteanbieter jedoch nicht verpflichtet, \u00fcbermittelte oder gespeicherte fremde Informationen zu \u00fcberwachen oder nach Umst\u00e4nden zu forschen, die auf eine rechtswidrige T\u00e4tigkeit hinweisen. Verpflichtungen zur Entfernung oder Sperrung der Nutzung von Informationen nach den allgemeinen Gesetzen bleiben hiervon unber\u00fchrt. Eine diesbez\u00fcgliche Haftung ist jedoch erst ab dem Zeitpunkt der Kenntnis einer konkreten Rechtsverletzung m\u00f6glich. Bei dem Bekanntwerden von entsprechenden Rechtsverletzungen werden die Inhalte umgehend entfernt.<\/p>\n<h3 style=\"text-align: left;\">Haftung f\u00fcr Links<\/h3>\n<p style=\"text-align: left;\">Diese Webseite enth\u00e4lt Verkn\u00fcpfungen zu Webseiten Dritter (\u201eexterne Links\u201c). Diese Webseiten unterliegen der Haftung der jeweiligen Betreiber, so dass die Universit\u00e4t Duisburg-Essen f\u00fcr diese fremden Inhalte keine Gew\u00e4hr \u00fcbernimmt. Die verlinkten Seiten wurden zum Zeitpunkt der Verlinkung auf m\u00f6gliche Rechtsverst\u00f6\u00dfe \u00fcberpr\u00fcft. Rechtswidrige Inhalte waren zum Zeitpunkt der Verlinkung nicht erkennbar. Eine permanente inhaltliche Kontrolle der verlinkten Seiten ist jedoch ohne konkrete Anhaltspunkte einer Rechtsverletzung nicht zumutbar, so dass sich die Universit\u00e4t Duisburg-Essen hiermit ausdr\u00fccklich von allen Inhalten der gelinkten\/verkn\u00fcpften Seiten, die nach der Linksetzung ver\u00e4ndert wurden, distanziert. F\u00fcr illegale, fehlerhafte oder unvollst\u00e4ndige Inhalte und insbesondere f\u00fcr Sch\u00e4den, die aus der Nutzung oder Nichtnutzung solcher Art dargebotener Informationen entstehen, haftet allein der Anbieter der Seite, auf welche verwiesen wurde, nicht derjenige, der \u00fcber Links auf die jeweilige Ver\u00f6ffentlichung verweist.<\/p>\n<h3 style=\"text-align: left;\">Informationen zur Online-Streitbeilegung<\/h3>\n<p style=\"text-align: left;\">Die EU-Kommission stellt gem\u00e4\u00df Art. 14 Abs. 1 ODR-VO (EU-Verordnung Nr. 524\/2013) eine Internetplattform zur Online-Beilegung von Streitigkeiten (sog. \u201eOS-Plattform\u201c) bereit. Die OS-Plattform dient als Anlaufstelle zur au\u00dfergerichtlichen Beilegung von Streitigkeiten, welche vertragliche Verpflichtungen, die aus Online-Kaufvertr\u00e4gen erwachsen, betreffen. Der Kunde kann die OS-Plattform unter folgendem Link erreichen: http:\/\/ec.europa.eu\/consumers\/odr\/<\/p>\n<p>[\/vc_column_text][\/vc_column][\/vc_row]<\/p>\n<\/div>","protected":false},"excerpt":{"rendered":"<p>[vc_row][vc_column][vc_column_text css=&#8220;&#8220;] Universit\u00e4t Duisburg-Essen Campus Duisburg: Forsthausweg 2 47057 Duisburg Tel.: +49 203 379 \u2013 0 Fax.: +49 203 379 \u2013 3333 Campus Essen: Universit\u00e4tsstra\u00dfe 2 45141 Essen Tel.: +49 201 183 \u2013 0 Fax.: +49 201 183 \u2013 3536 Website: www.uni-due.de Die Universit\u00e4t Duisburg-Essen wird vertreten durch ihre Rektorin: [&hellip;]<\/p>\n","protected":false},"author":1,"featured_media":33664,"parent":33134,"menu_order":0,"comment_status":"closed","ping_status":"closed","template":"","meta":{"_eb_attr":"","om_disable_all_campaigns":false,"_uag_custom_page_level_css":"","_monsterinsights_skip_tracking":false,"_monsterinsights_sitenote_active":false,"_monsterinsights_sitenote_note":"","_monsterinsights_sitenote_category":0,"footnotes":""},"class_list":["post-31976","page","type-page","status-publish","has-post-thumbnail","hentry"],"aioseo_notices":[],"uagb_featured_image_src":{"full":["https:\/\/center-for-digital-business.de\/wp-content\/uploads\/2018\/08\/10_mini.jpg",1920,920,false],"thumbnail":["https:\/\/center-for-digital-business.de\/wp-content\/uploads\/2018\/08\/10_mini-150x150.jpg",150,150,true],"medium":["https:\/\/center-for-digital-business.de\/wp-content\/uploads\/2018\/08\/10_mini-300x144.jpg",300,144,true],"medium_large":["https:\/\/center-for-digital-business.de\/wp-content\/uploads\/2018\/08\/10_mini-768x368.jpg",750,359,true],"large":["https:\/\/center-for-digital-business.de\/wp-content\/uploads\/2018\/08\/10_mini-1024x491.jpg",750,360,true],"1536x1536":["https:\/\/center-for-digital-business.de\/wp-content\/uploads\/2018\/08\/10_mini-1536x736.jpg",1536,736,true],"2048x2048":["https:\/\/center-for-digital-business.de\/wp-content\/uploads\/2018\/08\/10_mini.jpg",1920,920,false],"hestia-blog":["https:\/\/center-for-digital-business.de\/wp-content\/uploads\/2018\/08\/10_mini.jpg",360,173,false]},"uagb_author_info":{"display_name":"mareen","author_link":"https:\/\/center-for-digital-business.de\/?author=1"},"uagb_comment_info":0,"uagb_excerpt":"[vc_row][vc_column][vc_column_text css=&#8220;&#8220;] Universit\u00e4t Duisburg-Essen Campus Duisburg: Forsthausweg 2 47057 Duisburg Tel.: +49 203 379 \u2013 0 Fax.: +49 203 379 \u2013 3333 Campus Essen: Universit\u00e4tsstra\u00dfe 2 45141 Essen Tel.: +49 201 183 \u2013 0 Fax.: +49 201 183 \u2013 3536 Website: www.uni-due.de Die Universit\u00e4t Duisburg-Essen wird vertreten durch ihre Rektorin: [&hellip;]","_links":{"self":[{"href":"https:\/\/center-for-digital-business.de\/index.php?rest_route=\/wp\/v2\/pages\/31976","targetHints":{"allow":["GET"]}}],"collection":[{"href":"https:\/\/center-for-digital-business.de\/index.php?rest_route=\/wp\/v2\/pages"}],"about":[{"href":"https:\/\/center-for-digital-business.de\/index.php?rest_route=\/wp\/v2\/types\/page"}],"author":[{"embeddable":true,"href":"https:\/\/center-for-digital-business.de\/index.php?rest_route=\/wp\/v2\/users\/1"}],"replies":[{"embeddable":true,"href":"https:\/\/center-for-digital-business.de\/index.php?rest_route=%2Fwp%2Fv2%2Fcomments&post=31976"}],"version-history":[{"count":3,"href":"https:\/\/center-for-digital-business.de\/index.php?rest_route=\/wp\/v2\/pages\/31976\/revisions"}],"predecessor-version":[{"id":34954,"href":"https:\/\/center-for-digital-business.de\/index.php?rest_route=\/wp\/v2\/pages\/31976\/revisions\/34954"}],"up":[{"embeddable":true,"href":"https:\/\/center-for-digital-business.de\/index.php?rest_route=\/wp\/v2\/pages\/33134"}],"wp:featuredmedia":[{"embeddable":true,"href":"https:\/\/center-for-digital-business.de\/index.php?rest_route=\/wp\/v2\/media\/33664"}],"wp:attachment":[{"href":"https:\/\/center-for-digital-business.de\/index.php?rest_route=%2Fwp%2Fv2%2Fmedia&parent=31976"}],"curies":[{"name":"wp","href":"https:\/\/api.w.org\/{rel}","templated":true}]}}